{"id":112,"date":"2018-11-22T16:17:41","date_gmt":"2018-11-22T16:17:41","guid":{"rendered":"http:\/\/naturversorgt.org\/?page_id=112"},"modified":"2019-03-13T17:48:59","modified_gmt":"2019-03-13T16:48:59","slug":"juergens-blog-2","status":"publish","type":"page","link":"https:\/\/naturversorgt.org\/?page_id=112","title":{"rendered":"J\u00fcrgens Blog"},"content":{"rendered":"<p><img decoding=\"async\" loading=\"lazy\" src=\"http:\/\/naturversorgt.org\/wp-content\/uploads\/2018\/11\/44250831_475027319658248_405294120735604736_n-300x183.jpg\" alt=\"\" class=\"alignnone size-medium wp-image-113\" width=\"300\" height=\"183\" srcset=\"https:\/\/naturversorgt.org\/wp-content\/uploads\/2018\/11\/44250831_475027319658248_405294120735604736_n-300x183.jpg 300w, https:\/\/naturversorgt.org\/wp-content\/uploads\/2018\/11\/44250831_475027319658248_405294120735604736_n-768x468.jpg 768w, https:\/\/naturversorgt.org\/wp-content\/uploads\/2018\/11\/44250831_475027319658248_405294120735604736_n.jpg 960w\" sizes=\"(max-width: 300px) 100vw, 300px\" \/><\/p>\n\n\n<p>Seit April 2018 besch\u00e4ftige ich mich rund um die naturnahe Versorgung mit Lebensmitteln, Energie, Mobilit\u00e4t und Dinge des t\u00e4glichen Lebens. Der Weg in eine 100% Selbstversorgung ist schwierig, aber ich freue mich \u00fcber jeden kleinen Schritt dorthin. Daf\u00fcr arbeite ich zurzeit als Wwoofer auf verschiedenen Bauernh\u00f6fen in K\u00e4rnten und der Steiermark. Ich hoffe, ihr habt Freude an meinem Blog, gerne d\u00fcrft ihr mir eure Kommentare dazu schreiben.<\/p>\n\n\n\n<p>Falls ihr auch Lust, Zeit und die n\u00f6tigen Mittel habt, einen Selbstversorgerhof zu gr\u00fcnden, meldet euch bei mir!<\/p>\n","protected":false},"excerpt":{"rendered":"<p>Seit April 2018 besch\u00e4ftige ich mich rund um die naturnahe Versorgung mit Lebensmitteln, Energie, Mobilit\u00e4t und Dinge des t\u00e4glichen Lebens. Der Weg in eine 100% Selbstversorgung ist schwierig, aber ich freue mich \u00fcber jeden kleinen Schritt dorthin. Daf\u00fcr arbeite ich zurzeit als Wwoofer auf verschiedenen Bauernh\u00f6fen in K\u00e4rnten und der [&hellip;]<\/p>\n","protected":false},"author":1,"featured_media":0,"parent":0,"menu_order":0,"comment_status":"closed","ping_status":"closed","template":"","meta":[],"_links":{"self":[{"href":"https:\/\/naturversorgt.org\/index.php?rest_route=\/wp\/v2\/pages\/112"}],"collection":[{"href":"https:\/\/naturversorgt.org\/index.php?rest_route=\/wp\/v2\/pages"}],"about":[{"href":"https:\/\/naturversorgt.org\/index.php?rest_route=\/wp\/v2\/types\/page"}],"author":[{"embeddable":true,"href":"https:\/\/naturversorgt.org\/index.php?rest_route=\/wp\/v2\/users\/1"}],"replies":[{"embeddable":true,"href":"https:\/\/naturversorgt.org\/index.php?rest_route=%2Fwp%2Fv2%2Fcomments&post=112"}],"version-history":[{"count":45,"href":"https:\/\/naturversorgt.org\/index.php?rest_route=\/wp\/v2\/pages\/112\/revisions"}],"predecessor-version":[{"id":333,"href":"https:\/\/naturversorgt.org\/index.php?rest_route=\/wp\/v2\/pages\/112\/revisions\/333"}],"wp:attachment":[{"href":"https:\/\/naturversorgt.org\/index.php?rest_route=%2Fwp%2Fv2%2Fmedia&parent=112"}],"curies":[{"name":"wp","href":"https:\/\/api.w.org\/{rel}","templated":true}]}}